{"id":300,"date":"2021-03-24T10:48:50","date_gmt":"2021-03-24T09:48:50","guid":{"rendered":"https:\/\/www.safraniersdeprovence.fr\/?page_id=300"},"modified":"2021-03-24T10:48:51","modified_gmt":"2021-03-24T09:48:51","slug":"ris-de-veau-au-safran","status":"publish","type":"page","link":"https:\/\/www.safraniersdeprovence.fr\/index.php\/ris-de-veau-au-safran\/","title":{"rendered":"Ris de veau au safran"},"content":{"rendered":"\n<p>1\u00b0 faire infuser 100mg de safran entier dans une cuill\u00e8re de cr\u00e8me de coco, une bo\u00eete suffit (pas du lait coco)<\/p>\n\n\n\n<p>2\u00b0 mettre les ris de veau \u00e0 d\u00e9gorger dans de l&#8217;eau froide et du vinaigre de vin ou de Mod\u00e8ne, plusieurs heures. Je compte un ris de veau par personne.<\/p>\n\n\n\n<p>3\u00b0 faire blanchir les ris de veau dans une casserole d&#8217;eau froide 5mn<\/p>\n\n\n\n<p>4\u00b0 une fois ti\u00e8des, finir de retirer les peaux.<\/p>\n\n\n\n<p>5\u00b0 faire revenir, dorer, les ris de veau dans un peu de gras. Retirer<\/p>\n\n\n\n<p>6\u00b0 faire revenir 1KG de champignons de Paris dans le gras ; Retirer<\/p>\n\n\n\n<p>7\u00b0 dans une sauteuse \/ mijoteuse, mettre la cr\u00e8me de coco, ajouter les ris de veau, les champignons, 1 Pomme de Terre par personne d\u00e9j\u00e0 cuite \u00e0 la vapeur, si vous le souhaitez. Ne pas faire bouillir, laisser mijoter \u00e0 couvert plusieurs heures \u00e0 feu tr\u00e8s doux et faire autre chose pendant ce temps.<\/p>\n\n\n\n<p>8\u00b0 en fin de cuisson, feu \u00e9teint, ajoutez le safran et sa cr\u00e8me de coco, dans laquelle il a infus\u00e9. C&#8217;est pr\u00eat, d\u00e9licieux !!<\/p>\n\n\n\n<p>Bon app\u00e9tit : fabienne<\/p>\n","protected":false},"excerpt":{"rendered":"<p>1\u00b0 faire infuser 100mg de safran entier dans une cuill\u00e8re de cr\u00e8me de coco, une bo\u00eete suffit (pas du lait coco) 2\u00b0 mettre les ris de veau \u00e0 d\u00e9gorger dans de l&#8217;eau froide et du vinaigre de vin ou de Mod\u00e8ne, plusieurs heures. Je compte un ris de veau par personne. 3\u00b0 faire blanchir les &hellip; <\/p>\n<p class=\"link-more\"><a href=\"https:\/\/www.safraniersdeprovence.fr\/index.php\/ris-de-veau-au-safran\/\" class=\"more-link\">Continuer la lecture<span class=\"screen-reader-text\"> de &laquo;&nbsp;Ris de veau au safran&nbsp;&raquo;<\/span><\/a><\/p>\n","protected":false},"author":1,"featured_media":0,"parent":0,"menu_order":0,"comment_status":"closed","ping_status":"closed","template":"","meta":{"_exactmetrics_skip_tracking":false,"_exactmetrics_sitenote_active":false,"_exactmetrics_sitenote_note":"","_exactmetrics_sitenote_category":0,"footnotes":""},"class_list":["post-300","page","type-page","status-publish","hentry"],"aioseo_notices":[],"_links":{"self":[{"href":"https:\/\/www.safraniersdeprovence.fr\/index.php\/wp-json\/wp\/v2\/pages\/300","targetHints":{"allow":["GET"]}}],"collection":[{"href":"https:\/\/www.safraniersdeprovence.fr\/index.php\/wp-json\/wp\/v2\/pages"}],"about":[{"href":"https:\/\/www.safraniersdeprovence.fr\/index.php\/wp-json\/wp\/v2\/types\/page"}],"author":[{"embeddable":true,"href":"https:\/\/www.safraniersdeprovence.fr\/index.php\/wp-json\/wp\/v2\/users\/1"}],"replies":[{"embeddable":true,"href":"https:\/\/www.safraniersdeprovence.fr\/index.php\/wp-json\/wp\/v2\/comments?post=300"}],"version-history":[{"count":1,"href":"https:\/\/www.safraniersdeprovence.fr\/index.php\/wp-json\/wp\/v2\/pages\/300\/revisions"}],"predecessor-version":[{"id":301,"href":"https:\/\/www.safraniersdeprovence.fr\/index.php\/wp-json\/wp\/v2\/pages\/300\/revisions\/301"}],"wp:attachment":[{"href":"https:\/\/www.safraniersdeprovence.fr\/index.php\/wp-json\/wp\/v2\/media?parent=300"}],"curies":[{"name":"wp","href":"https:\/\/api.w.org\/{rel}","templated":true}]}}