{"id":482,"date":"2023-04-04T22:42:56","date_gmt":"2023-04-04T20:42:56","guid":{"rendered":"https:\/\/www.safraniersdeprovence.fr\/?page_id=482"},"modified":"2025-03-07T15:37:13","modified_gmt":"2025-03-07T14:37:13","slug":"fiches-technico-economiques","status":"publish","type":"page","link":"https:\/\/www.safraniersdeprovence.fr\/index.php\/fiches-technico-economiques\/","title":{"rendered":"Acc\u00e8s restreint"},"content":{"rendered":"<p>Vous n'\u00eates pas autoris\u00e9 \u00e0 consulter ce contenu<\/p>","protected":false},"excerpt":{"rendered":"","protected":false},"author":1,"featured_media":0,"parent":0,"menu_order":0,"comment_status":"closed","ping_status":"closed","template":"","meta":{"_exactmetrics_skip_tracking":false,"_exactmetrics_sitenote_active":false,"_exactmetrics_sitenote_note":"","_exactmetrics_sitenote_category":0,"footnotes":""},"class_list":["post-482","page","type-page","status-publish","hentry"],"aioseo_notices":[],"_links":{"self":[{"href":"https:\/\/www.safraniersdeprovence.fr\/index.php\/wp-json\/wp\/v2\/pages\/482","targetHints":{"allow":["GET"]}}],"collection":[{"href":"https:\/\/www.safraniersdeprovence.fr\/index.php\/wp-json\/wp\/v2\/pages"}],"about":[{"href":"https:\/\/www.safraniersdeprovence.fr\/index.php\/wp-json\/wp\/v2\/types\/page"}],"author":[{"embeddable":true,"href":"https:\/\/www.safraniersdeprovence.fr\/index.php\/wp-json\/wp\/v2\/users\/1"}],"replies":[{"embeddable":true,"href":"https:\/\/www.safraniersdeprovence.fr\/index.php\/wp-json\/wp\/v2\/comments?post=482"}],"version-history":[{"count":3,"href":"https:\/\/www.safraniersdeprovence.fr\/index.php\/wp-json\/wp\/v2\/pages\/482\/revisions"}],"predecessor-version":[{"id":615,"href":"https:\/\/www.safraniersdeprovence.fr\/index.php\/wp-json\/wp\/v2\/pages\/482\/revisions\/615"}],"wp:attachment":[{"href":"https:\/\/www.safraniersdeprovence.fr\/index.php\/wp-json\/wp\/v2\/media?parent=482"}],"curies":[{"name":"wp","href":"https:\/\/api.w.org\/{rel}","templated":true}]}}